{"id":1798,"date":"2026-03-17T13:57:52","date_gmt":"2026-03-17T12:57:52","guid":{"rendered":"https:\/\/peeparrow.com\/?page_id=1798"},"modified":"2026-03-26T15:21:02","modified_gmt":"2026-03-26T14:21:02","slug":"contatti-2","status":"publish","type":"page","link":"https:\/\/peeparrow.com\/en\/art-bonus\/","title":{"rendered":"ART BONUS"},"content":{"rendered":"<div class=\"wpb-content-wrapper\"><p>[vc_row][vc_column][vc_column_text]<img loading=\"lazy\" decoding=\"async\" class=\"alignnone size-full wp-image-495\" src=\"https:\/\/peeparrow.com\/wp-content\/uploads\/2016\/12\/logo_flat_peep_short-300x38.png\" alt=\"\" width=\"300\" height=\"38\" \/>[\/vc_column_text][vc_column_text css=&#8221;&#8221;]<strong>Sostieni il teatro con Art Bonus e recuperi il 65% della tua donazione<\/strong><\/p>\n<p>&nbsp;<\/p>\n<p><strong><em>Che cos\u2019\u00e8 l\u2019Art Bonus?<\/em><\/strong><\/p>\n<p>Introdotto dal Decreto ArtBonus n. 83 del 31 maggio 2014, riconosce un credito d\u2019imposta del 65% per investimenti volti a sostenere il patrimonio culturale, rilanciare il settore turistico e favorire il mecenatismo attraverso l\u2019elargizione di donazioni liberali.<br \/>\nIl credito d\u2019imposta \u00e8 riconosciuto: ai soggetti titolari di reddito d\u2019impresa nei limiti del 5 per mille dei ricavi annui nonch\u00e9 alle persone fisiche e agli enti non commerciali nei limiti del 15 per cento del reddito imponibile.<br \/>\nIl credito di imposta \u00e8 diluito in tre quote annuali,\u00a0da utilizzare in compensazione a partire dal 1\u00b0 giorno del periodo di imposta successivo a quello di effettuazione delle erogazioni liberali.<\/p>\n<p><strong><em>Quali vantaggi con l\u2019Art bonus?<\/em><br \/>\n<\/strong>L\u2019Art bonus consente un credito di imposta, pari al 65% dell\u2019importo donato, a chi effettua erogazioni liberali a sostegno del patrimonio culturale pubblico italiano.<\/p>\n<p><strong><em>Documentazione da presentare per beneficiare del credito d\u2019imposta<\/em><br \/>\n<\/strong>E\u2019 sufficiente conservare copia del documento che certifica l\u2019erogazione in denaro con la causale di versamento che identifica oggetto\/ente beneficiario. Attraverso il sito\u00a0<a href=\"http:\/\/www.artbonus.gov.it\/\">www.artbonus.gov.it<\/a>\u00a0\u00e8 possibile, per i mecenati, trasmettere i dati dell\u2019erogazione liberale effettuata e scaricare dal portale una autodichiarazione contenente tutti i dati della liberalit\u00e0, se l\u2019ente al quale ha effettuato il versamento ha trasmesso al portale l\u2019erogazione ai sensi del comma 5 dell\u2019art.1 della legge su Art bonus. Tale autodichiarazione, integrata con le autorizzazioni ai fini della privacy, potr\u00e0 essere utilizzata per la pubblicazione sul sito Art bonus dei nominativi dei mecenati, che con le loro erogazioni hanno contribuito al sostegno del Patrimonio culturale pubblico. L\u2019autodichiarazione pu\u00f2 essere conservata ed utilizzata ad uso personale, ai fini del beneficio fiscale non \u00e8 necessario trasmetterla agli uffici di Art bonus.<\/p>\n<p><strong><em>\u00a0<\/em>Codice tributo per la compensazione del credito d\u2019imposta<br \/>\n<\/strong>Il codice tributo da utilizzare per la compensazione del credito d\u2019imposta, codice da segnare nel credito d\u2019imposta, per l\u2019 Art Bonus \u00e8 6842 (risoluzione dell\u2019Agenzia delle Entrate 116\/E\/2014).<\/p>\n<p><strong><em>Come donare?<\/em><\/strong><\/p>\n<p>Bonifico bancario o tramite ufficio postale;<\/p>\n<p>\u2013 Assegni bancari e circolari.<\/p>\n<p>Conserva la ricevuta, inseriremo la tua donazione nell\u2019Albo donatori Art bonus e contribuirai alla realizzazione del nostro progetto culturale.<\/p>\n<p><strong>\u00a0<\/strong><\/p>\n<p><strong>DATI PER LE EROGAZIONI LIBERALI<\/strong><br \/>\n<strong>BENEFICIARIO:\u00a0PEEP ARROW ENTERTAINMENT SRL<\/strong><\/p>\n<p><strong>\u00a0IBAN: IT91Y0304703200000040115434<\/strong><\/p>\n<p><strong>CAUSALE: <\/strong><strong>Art Bonus &#8211; Peep Arrow Entertainment srl &#8211; Codice fiscale o P. Iva del mecenate &#8211; Nome Intervento (opzionale)<\/strong><\/p>\n<p><strong>\u00a0<\/strong><\/p>\n<p><em>Per ulteriori informazioni visita il sito <\/em>istituzionale Art Bonus:<br \/>\n<a href=\"http:\/\/artbonus.gov.it\/cose-artbonus.html\"><strong>http:\/\/artbonus.gov.it\/cose-artbonus.html<\/strong><\/a><\/p>\n<p>Peep Arrow Entertainment sul sito ufficiale Art Bonus<strong><br \/>\n<\/strong><a href=\"https:\/\/artbonus.gov.it\/1577-attivit%C3%A0-teatrale-2018-2019.html\"><strong>link<\/strong><\/a><strong>: <\/strong><\/p>\n<p><a href=\"https:\/\/artbonus.gov.it\/4015-peep-arrow-entertainment-srl-stagione-teatrale-2026\/2027.html\">https:\/\/artbonus.gov.it\/4015-peep-arrow-entertainment-srl-stagione-teatrale-2026\/2027.html<\/a><\/p>\n<p>&nbsp;<\/p>\n<p>CONTATTACI: <a href=\"mailto:info@peeparrow.com\">info@peeparrow.com<\/a><\/p>\n<p>&nbsp;<\/p>\n<p><strong>DESCRIZIONE INTERVENTO<\/strong><\/p>\n<p>Il progetto di sostegno alle produzioni teatrali della Peep Arrow per la stagione 2026\/2027 si inserisce nell\u2019ambito delle iniziative di promozione e valorizzazione dello spettacolo dal vivo, con l\u2019obiettivo di rafforzare il ruolo del teatro quale presidio culturale e sociale sul territorio.<\/p>\n<p>Le risorse raccolte saranno destinate alla realizzazione di nuove produzioni teatrali, al sostegno di compagnie emergenti e consolidate, nonch\u00e9 allo sviluppo di progetti di ricerca e sperimentazione scenica.<\/p>\n<p>La stagione 2026\/2027 sar\u00e0 caratterizzata da una programmazione attenta alla qualit\u00e0 artistica, alla contemporaneit\u00e0 dei linguaggi e alla pluralit\u00e0 delle espressioni culturali. Il progetto prevede inoltre azioni volte all\u2019ampliamento e alla diversificazione del pubblico, attraverso attivit\u00e0 di mediazione culturale, percorsi formativi e iniziative inclusive.<\/p>\n<p>Attraverso l\u2019Art Bonus, cittadini e imprese possono contribuire concretamente alla crescita culturale, sostenendo un teatro accessibile, condiviso e capace di generare valore per la comunit\u00e0.[\/vc_column_text][vc_empty_space][\/vc_column][\/vc_row]<\/p>\n<\/div>","protected":false},"excerpt":{"rendered":"<p>[vc_row][vc_column][vc_column_text][\/vc_column_text][vc_column_text css=&#8221;&#8221;]Sostieni il teatro con Art Bonus e recuperi il 65% della tua donazione &nbsp; Che cos\u2019\u00e8 l\u2019Art Bonus? Introdotto dal Decreto ArtBonus n. 83 del 31 maggio 2014, riconosce un credito d\u2019imposta del 65% per investimenti volti a sostenere il patrimonio culturale, rilanciare il settore turistico e favorire il mecenatismo attraverso l\u2019elargizione di donazioni&hellip;<\/p>\n","protected":false},"author":3,"featured_media":0,"parent":0,"menu_order":0,"comment_status":"closed","ping_status":"closed","template":"","meta":{"footnotes":""},"class_list":["post-1798","page","type-page","status-publish","hentry","description-off"],"_links":{"self":[{"href":"https:\/\/peeparrow.com\/en\/wp-json\/wp\/v2\/pages\/1798","targetHints":{"allow":["GET"]}}],"collection":[{"href":"https:\/\/peeparrow.com\/en\/wp-json\/wp\/v2\/pages"}],"about":[{"href":"https:\/\/peeparrow.com\/en\/wp-json\/wp\/v2\/types\/page"}],"author":[{"embeddable":true,"href":"https:\/\/peeparrow.com\/en\/wp-json\/wp\/v2\/users\/3"}],"replies":[{"embeddable":true,"href":"https:\/\/peeparrow.com\/en\/wp-json\/wp\/v2\/comments?post=1798"}],"version-history":[{"count":4,"href":"https:\/\/peeparrow.com\/en\/wp-json\/wp\/v2\/pages\/1798\/revisions"}],"predecessor-version":[{"id":1805,"href":"https:\/\/peeparrow.com\/en\/wp-json\/wp\/v2\/pages\/1798\/revisions\/1805"}],"wp:attachment":[{"href":"https:\/\/peeparrow.com\/en\/wp-json\/wp\/v2\/media?parent=1798"}],"curies":[{"name":"wp","href":"https:\/\/api.w.org\/{rel}","templated":true}]}}