{"id":1790,"date":"2026-02-03T18:38:01","date_gmt":"2026-02-03T17:38:01","guid":{"rendered":"https:\/\/peeparrow.com\/?page_id=1790"},"modified":"2026-02-03T18:40:22","modified_gmt":"2026-02-03T17:40:22","slug":"amministrazione-trasparente-2023-2-2","status":"publish","type":"page","link":"https:\/\/peeparrow.com\/en\/clearance-2024\/","title":{"rendered":"Clearance 2023"},"content":{"rendered":"<div class=\"wpb-content-wrapper\"><p>[vc_row][vc_column][vc_column_text css=&#8221;&#8221;]<\/p>\n<h2>TESTO COORDINATO DEL DECRETO-LEGGE 8 agosto 2013, n. 91<\/h2>\n<p>Testo del decreto-legge 8 agosto 2013, n. 91 (in Gazzetta Ufficiale &#8211; serie generale &#8211; n. 186 del 9 agosto 2013), coordinato con la legge di conversione 7 ottobre 2013, n. 112 (in questa stessa Gazzetta Ufficiale alla pag. 1), recante: \u00abDisposizioni urgenti per la tutela, la valorizzazione e il rilancio dei beni e delle attivit\u00e0 culturali e del turismo.\u00bb. (13A08109) (GU n.236 del 8-10-2013) Vigente al: 8-10-2013 Art. 9 Disposizioni urgenti per assicurare la trasparenza, la semplificazione \u00a0e l&#8217;efficacia del sistema di contribuzione pubblica allo spettacolo dal vivo e al cinema. 2. Gli enti e gli organismi dello spettacolo, finanziati a valere sul Fondo unico dello spettacolo di cui alla legge 30 aprile 1985, n. 163, o ai sensi della legge 23 dicembre 1996, n. 662, e successive modificazioni, pubblicano e aggiornano le seguenti informazioni relative ai titolari di incarichi amministrativi ed artistici di vertice e di incarichi dirigenziali, a qualsiasi titolo conferiti, nonch\u00e9 di collaborazione o consulenza: a) gli estremi dell&#8217;atto di conferimento dell&#8217;incarico; b) il curriculum vitae; c) i compensi, comunque denominati, relativi al rapporto di lavoro, di consulenza o di collaborazione. 3. Le informazioni di cui al comma 2 sono pubblicate dagli enti ed organismi entro il 31 gennaio di ogni anno e comunque aggiornate anche successivamente. Ai predetti soggetti non possono essere erogate a qualsiasi titolo somme sino alla comunicazione dell&#8217;avvenuto adempimento o aggiornamento.<\/p>\n<p>&nbsp;<\/p>\n<h2>\u00a0ORGANO DIRETTIVO 2024<\/h2>\n<p>&nbsp;<\/p>\n<p>&nbsp;<\/p>\n<table width=\"99%\">\n<tbody>\n<tr>\n<td width=\"15%\"><strong>NOMINATIVO<\/strong><\/td>\n<td width=\"16%\"><strong>CARICA<\/strong><\/td>\n<td width=\"16%\"><strong>DECORRENZA<\/strong><\/td>\n<td width=\"16%\"><strong>ESTREMI INCARICO<\/strong><\/td>\n<td width=\"16%\"><strong>COMPENSO LORDO ANNUO 2024<\/strong><\/td>\n<td width=\"17%\"><strong>CURRICULUM VITAE<\/strong><\/td>\n<\/tr>\n<tr>\n<td width=\"15%\">&nbsp;<\/p>\n<p>GIUSEPPE PIPARO<\/td>\n<td width=\"16%\">&nbsp;<\/p>\n<p>AMMINISTRATORE UNICO<\/td>\n<td width=\"16%\">&nbsp;<\/p>\n<p>27\/12\/2016<\/td>\n<td width=\"16%\">&nbsp;<\/p>\n<p>Delibera Assemblea dei Soci del 27\/12\/2016<\/td>\n<td width=\"16%\">&nbsp;<\/p>\n<p>\u20ac 6.569,00<\/td>\n<td width=\"17%\">&nbsp;<\/p>\n<p>CV GIUSEPPE PIPARO<\/td>\n<\/tr>\n<tr>\n<td width=\"15%\">&nbsp;<\/p>\n<p>FRANCESCA PIPARO<\/td>\n<td width=\"16%\">&nbsp;<\/p>\n<p>DIRETTORE DI PRODUZIONE<\/td>\n<td width=\"16%\">&nbsp;<\/p>\n<p>01\/09\/2016<\/td>\n<td width=\"16%\">Contratto a tempo Indeterminato ai sensi del D. Lgs 4 marzo 2015 n. 23 del 01\/09\/2016<\/td>\n<td width=\"16%\">&nbsp;<\/p>\n<p>\u20ac 49.317,64<\/td>\n<td width=\"17%\">&nbsp;<\/p>\n<p>CV FRANCESCA PIPARO<\/td>\n<\/tr>\n<tr>\n<td width=\"15%\">&nbsp;<\/p>\n<p>FRANCESCA PIPARO<\/td>\n<td width=\"16%\">&nbsp;<\/p>\n<p>DIRETTORE ARTISTICO<\/td>\n<td width=\"16%\">&nbsp;<\/p>\n<p>08\/10\/2012<\/td>\n<td width=\"16%\">&nbsp;<\/p>\n<p>Delibera Assemblea dei Soci del 08\/10\/2012<\/td>\n<td width=\"16%\">&nbsp;<\/p>\n<p>A TITOLO GRATUITO<\/td>\n<td width=\"17%\">&nbsp;<\/p>\n<p>CV FRANCESCA PIPARO<\/td>\n<\/tr>\n<tr>\n<td width=\"15%\">&nbsp;<\/p>\n<p>EMANUELA DE VITA<\/td>\n<td width=\"16%\">&nbsp;<\/p>\n<p>DIRETTORE JR<\/td>\n<td width=\"16%\">&nbsp;<\/p>\n<p>06\/11\/2024<\/td>\n<td width=\"16%\">&nbsp;<\/p>\n<p>Delibera Assemblea dei Soci del 06\/11\/2024<\/p>\n<p>&nbsp;<\/td>\n<td width=\"16%\">&nbsp;<\/p>\n<p>A TITOLO GRATUITO<\/td>\n<td width=\"17%\">&nbsp;<\/p>\n<p>CV EMANUELA DE VITA<\/td>\n<\/tr>\n<\/tbody>\n<\/table>\n<p>&nbsp;<\/p>\n<p>&nbsp;<\/p>\n<h2>INCARICHI COLLABORAZIONI E CONSULENZE 2024<\/h2>\n<p>&nbsp;<\/p>\n<p>&nbsp;<\/p>\n<table width=\"966\">\n<tbody>\n<tr>\n<td width=\"210\"><strong>NOMINATIVO<\/strong><\/td>\n<td width=\"227\"><strong>INCARICO<\/strong><\/td>\n<td width=\"208\"><strong>DATA INCARICO<\/strong><\/td>\n<td width=\"130\"><strong>COMPENSO LORDO<\/strong><\/p>\n<p><strong>2024<\/strong><\/td>\n<td width=\"191\"><strong>Curriculum Vitae<\/strong><\/td>\n<\/tr>\n<tr>\n<td width=\"210\">DOTT. ORAZIO GIACOPPO<\/td>\n<td width=\"227\">CONSULENZA FISCALE<\/td>\n<td width=\"208\">CONTRATTO DEL 02\/01\/2023<\/td>\n<td width=\"130\">\u20ac 15.600,00<\/td>\n<td width=\"191\">DOTT. ORAZIO GIACOPPO<\/td>\n<\/tr>\n<tr>\n<td width=\"210\">DOTT. STEFANO SANTINI<\/td>\n<td width=\"227\">REVISORE UNICO<\/td>\n<td width=\"208\">Delibera Assemblea dei Soci del 16\/12\/2019<\/td>\n<td width=\"130\">\u20ac 4.160,00<\/td>\n<td width=\"191\">DOTT. STEFANO SANTINI<\/td>\n<\/tr>\n<tr>\n<td width=\"210\">\u00a0\u00a0\u00a0\u00a0 AVV. ALESSIA MAURODOPULOS<\/td>\n<td width=\"227\">CONSULENZA LEGALE<\/td>\n<td width=\"208\">CONTRATTO DEL 15\/01\/2024<\/td>\n<td width=\"130\">\u20ac 6.240,00<\/td>\n<td width=\"191\">AVV. ALESSIA MAURODOPULOS<\/td>\n<\/tr>\n<tr>\n<td width=\"210\">UNA VITA TRANQUILLA SRL<\/td>\n<td width=\"227\">CONSULNZA DEL LAVORO<\/td>\n<td width=\"208\">CONTRATTO DEL 15\/12\/2021<\/td>\n<td width=\"130\">\u20ac 21.829,03<\/td>\n<td width=\"191\">UNA VITA TRANQUILLA SRL<\/td>\n<\/tr>\n<tr>\n<td width=\"210\">FRAMINIA SRL<\/td>\n<td width=\"227\">CONSULENZA PER LA SICUREZZA \u2013 FORMAZIONE PROFESSIONALE<\/td>\n<td width=\"208\">CONTRATTO DEL 15\/12\/2021<\/td>\n<td width=\"130\">\u20ac 9.000,00<\/td>\n<td width=\"191\">FRAMINIA SRL<\/td>\n<\/tr>\n<tr>\n<td width=\"210\">CINEMED SRL<\/td>\n<td width=\"227\">CONSULENZA PER SORVEGLIANZA SANITARIA E MEDICINA DEL LAVORO<\/td>\n<td width=\"208\">CONTRATTO DEL 01\/01\/2018<\/td>\n<td width=\"130\">\u20ac 1.550,00<\/td>\n<td width=\"191\">CINEMED SRL<\/td>\n<\/tr>\n<\/tbody>\n<\/table>\n<p>&nbsp;<\/p>\n<p><strong>Dichiarazione delle assegnazioni per l&#8217;esercizio 2024 ai sensi dell&#8217;articolo 1, commi 125-129, L. 124\/2017<\/strong><\/p>\n<p>&nbsp;<\/p>\n<table width=\"100%\">\n<tbody>\n<tr>\n<td width=\"20%\"><strong>Denominazione e CF Soggetto richiedente<\/strong><\/td>\n<td width=\"15%\"><strong>Denomionazione del Soggetto erogante<\/strong><\/td>\n<td width=\"13%\"><strong>Somma Incassata<\/strong><\/td>\n<td width=\"12%\"><strong>Data di incasso\/utilizzo<\/strong><\/td>\n<td width=\"37%\"><strong>Causale<\/strong><\/td>\n<\/tr>\n<tr>\n<td width=\"20%\">Peep Arrow Entertainment srl<\/p>\n<p>CF\/P.IVA: 09125281007<\/td>\n<td width=\"15%\">MINISTERO DELLA CULTURA<\/td>\n<td width=\"13%\">166.213,68 \u20ac<\/td>\n<td width=\"12%\">01\/08\/2024<\/td>\n<td width=\"37%\">CONTRIBUTO FUS 2024 \u2013 Liquidazione anticipazione del contributo 2024 (art.13 c.1 \u2013 D.M. 27 luglio 2017)<\/td>\n<\/tr>\n<tr>\n<td width=\"20%\">Peep Arrow Entertainment srl<\/p>\n<p>CF\/P.IVA: 09125281007<\/td>\n<td width=\"15%\">MINISTERO DELLA CULTURA<\/td>\n<td width=\"13%\">127.085,82 \u20ac<\/td>\n<td width=\"12%\">01\/10\/2024<\/td>\n<td width=\"37%\">CONTRIBUTO FUS 2023 \u2013 liquidazione saldo del contributo 2023 (art.13 c.1 \u2013 D.M. 27 luglio 2017)<\/td>\n<\/tr>\n<tr>\n<td width=\"20%\">Peep Arrow Entertainment srl<\/p>\n<p>CF\/P.IVA: 09125281007<\/td>\n<td width=\"15%\">MINISTERO DELLA CULTURA<\/td>\n<td width=\"13%\">18.144,71 \u20ac<\/td>\n<td width=\"12%\">18\/12\/2024<\/td>\n<td width=\"37%\">CONTRIBUTO FUS 2024 \u2013 Liquidazione anticipazione del contributo 2024 (art.13 c.1 \u2013 D.M. 27 luglio 2017)<\/td>\n<\/tr>\n<tr>\n<td width=\"20%\">Peep Arrow Entertainment srl<\/p>\n<p>CF\/P.IVA: 09125281007<\/td>\n<td width=\"15%\">MINISTERO DELLA CULTURA<\/td>\n<td width=\"13%\">11.360,92 \u20ac<\/td>\n<td width=\"12%\">20\/12\/2024<\/td>\n<td width=\"37%\">Contributo spese di vigilanza antincendio \u2013 anno 2023<\/td>\n<\/tr>\n<\/tbody>\n<\/table>\n<p>&nbsp;<\/p>\n<p><strong>TOTALE CONTRIBUTI: <\/strong><strong>322.805,13 \u20ac<\/strong><\/p>\n<p>&nbsp;<\/p>\n<p>Relativamente agli obblighi informativi per le erogazioni pubbliche, gli aiuti di Stato e gli aiuti de minimis, ricevuti dalla nostra impresa sono comunque consultabili nel Registro nazionale degli aiuti di Stato di cui all\u2019art. 52 della L. 234\/2012 a cui si rinvia e consultabili al seguente link <a href=\"https:\/\/www.rna.gov.it\/RegistroNazionaleTrasparenza\/faces\/pages\/TrasparenzaAiuto.jspx\">https:\/\/www.rna.gov.it\/RegistroNazionaleTrasparenza\/faces\/pages\/TrasparenzaAiuto.jspx<\/a><\/p>\n<p><strong><a href=\"http:\/\/www.peeparrow.com\/amministrazione-trasparente-2023\" target=\"_blank\" rel=\"noopener\">AMMINISTRAZIONE TRASPARENTE 2023<\/a><br \/>\n<a href=\"https:\/\/peeparrow.com\/amministrazione-trasparente-2022\/\" target=\"_blank\" rel=\"noopener\">AMMINISTRAZIONE TRASPARENTE 2022<\/a><br \/>\n<a href=\"https:\/\/peeparrow.com\/wp-content\/uploads\/2023\/01\/AMMINISTRAZIONE-TRASPARENTE-2021.pdf\" target=\"_blank\" rel=\"noopener noreferrer\">AMMINISTRAZIONE TRASPARENTE 2021<\/a><br \/>\n<a href=\"https:\/\/peeparrow.com\/amministrazione-trasparente-2\/\" target=\"_blank\" rel=\"noopener noreferrer\">AMMINISTRAZIONE TRASPARENTE 2020<\/a><br \/>\n<a href=\"https:\/\/peeparrow.com\/amministrazione-trasparente\/\" target=\"_blank\" rel=\"noopener noreferrer\">AMMINISTRAZIONE TRASPARENTE 2019<\/a><br \/>\n<a href=\"https:\/\/peeparrow.com\/amministrazione-trasparente-3\/\" target=\"_blank\" rel=\"noopener noreferrer\">AMMINISTRAZIONE TRASPARENTE 2018<\/a><\/strong><\/p>\n<p><strong>\u00a0<\/strong><\/p>\n<p><strong>\u00a0<\/strong><\/p>\n<p><strong>\u00a0<\/strong><\/p>\n<p><strong>GIUSEPPE PIPARO \u2013 AMMINISTRATORE UNICO<\/strong><br \/>\nGiuseppe Piparo svolge la propria attivit\u00e0 nel mondo del commercio e delle Aziende sin da giovanissimo. Dopo aver conseguito il diploma, svolge una breve attivit\u00e0 di Geometra presso alcune Amministrazioni pubbliche; ma presto inizia la sua attivit\u00e0 commerciale con grandi Aziende nazionali operanti nel settore del food&amp;beverage come la Sperlari, la Pernigotti, fino ad approdare per un lungo periodo della propria carriera alla multinazionale Martini&amp;Rossi\/Bacardi per la quale cura l\u2019area della Sicilia orientale e isole minori. Parallelamente coltiva la propria attivit\u00e0 di imprenditore della cultura e dello spettacolo in Sicilia collaborando con Associazioni teatrali come \u201cTeatro della Munizione\u201d e \u201cPlanet Musical\u201d.<br \/>\nRaggiunta la pensione lascia definitivamente la Sicilia e mette la propria esperienza nel campo della gestione di Aziende e imprenditoria a tempo pieno a disposizione dell\u2019Azienda di famiglia Peep Arrow Entertainment che attualmente guida nella veste di Amministratore e Legale Rappresentante.<\/p>\n<p><strong>FRANCESCA PIPARO \u2013 DIRETTORE ARTISTICO<\/strong><br \/>\nFRANCESCA PIPARO &#8211; DIRETTORE ARTISTICO Francesca Piparo &#8211; direzione artistica &#8211; in grado di calibrare le proprie scelte attraverso attente valutazioni mettendo in campo tutta la sua esperienza ventennale, iniziata nel 98 affiancando Massimo Piparo nella direzione di PLANET MUSICAL ITALY prima e PEEP ARROW ENTERTAINMENT poi. Francesca Piparo negli anni ha sempre cercato di attuare proposte artistiche in equilibrio con le esigenze economiche senza mai rinunciare alla qualit\u00e0 e all&#8217;innovazione. Ha prodotto le edizioni originali dei musical pi\u00f9 famosi: Evita, Tommy, Jesus Christ Superstar. Con quest&#8217;ultimo allestimento ha riportato sulle scene, a trent&#8217;anni dal film, Carl Anderson nel ruolo di Giuda, vantando tutt&#8217;oggi il record italiano del Musical pi\u00f9 longevo coi suoi 20 anni di programmazione. Nel 2001 \u00e8 in programmazione il grande successo La Febbre Del Sabato Sera che ha registrato il record italiano di programmazione nello stesso Teatro con 16 settimane consecutive al Nazionale di Milano ed \u00e8 stato lo spettacolo pi\u00f9 visto della stagione 2002\/2003 (fonte:Borsa Teatro del &#8220;Giornale dello spettacolo&#8221;). Nel Gennaio 2007 ha collaborato alla direzione artistica del un nuovo Musical di Cole Porter, Alta Societa&#8217; interpretato da Vanessa Incontrada. La stagione teatrale 2008\/2009 la vede impegnata nella messinscena di due nuovi musical: Hairspray \u2013 grasso \u00e8 bello, eletto a Londra e Broadway &#8220;miglior musical dell&#8217;anno&#8221;, e Cenerentola, con Roberta Lanfranchi e Antonio Cupo, con le straordinarie musiche e canzoni di Rodgers &amp; Hammerstein. Nella stagione 2010\/2011 riporta in scena nei maggiori teatri italiani, dopo 15 anni dalla prima rappresentazione italiana e al suo 40\u00b0anniversario, lo storico musical Jesus Christ Superstar un grande successo di pubblico e critica con Max Gazz\u00e8 e Ivan Cattaneo nel ruolo di Erode, Matteo Becucci, Mario Venuti, Simona Bencini e Paride Acacia. Oltre al musical La Cage aux Folles, con Massimo Ghini e Cesare Bocci nella stagione 2011\/2012, Francesca Piparo ha affiancato Massimo Piparo nella Direzione Artistica della commedia brillante &#8220;tutta al femminile&#8221; Smetti di piangere Penelope! che arriva in Italia per la prima volta dopo lo strepitoso successo ottenuto a Parigi, dove \u00e8 rimasto in scena per tre anni consecutivi con oltre 600 repliche all&#8217;attivo. A cimentarsi sul palco tre grandi attrici italiane: Tosca D\u2019Aquino, Roberta Lanfranchi e Samuela Sardo. Nella stagione 2012\/2013, Francesca Piparo collabora con Massimo Romeo Piparo oltre ad una nuove edizione de \u201cIl Vizietto \u2013 La Cage aux Folles\u201d con Marco Columbro ed Enzo Iacchetti, ad altri due grandi musical: \u201cMy Fair Lady\u201d con Vittoria Belvedere e Luca Ward in coproduzione con il Sistina e \u201cThe Full Monty\u201d con: (in ordine alfabetico) Paolo Calabresi, Gianni Fantoni, Sergio Muniz, Paolo Ruffini, Jacopo Sarno e Pietro Sermonti. Dal 2013, con la nuova Direzione Artistica del Sistina, affidata a Massimo Romeo Piparo, continua la collaborazione tra Peep Arrow e Sistina e di conseguenza prosegue il rapporto, ormai consolidato da 20 anni con Massimo Piparo, con altre due nuove coproduzioni per la stagione 2014: si prosegue con i grandi classici realizzando l\u2019allestimento del musical musical \u201cSette spose per sette fratelli\u201d che vede protagonisti due volti molto amati dal pubblico: Flavio Montrucchio e Roberta Lanfranchi. La regia \u00e8 affidata a Massimo Romeo Piparo. La seconda coproduzione \u00e8 lo spettacolo \u201cTutti insieme appassionatamente\u201d che vede in scena, dopo il grande successo delle due passate stagioni, la coppia, ormai affiatatissima Vittoria Belvedere e Luca Ward. La regia di entrambi gli spettacoli \u00e8 affidata a Massimo Romeo Piparo. Per festeggiare i XX anni di \u201cJesus Christ Superstar\u201d, La Peep Arrow Ent porta in scena il celebre musical, la cui regia \u00e8 affidata, come sempre, a Massimo Romeo Piparo ma con un interprete d\u2019eccezione: Ted Neeley, che vestir\u00e0 ancora, dopo 40 anni, i panni di Ges\u00f9. Nel 2015 un\u2019altra importante coproduzione vede insieme Francesca Piparo e Massimo Piparo: per la prima volta in Italia viene messo in scena uno dei musical cult degli ultimi anni, Billy Elliot, insieme agli ormai gi\u00e0 avviati Jesus Christ Superstar, Sette spose per sette fratelli e Tutti insieme appassionatamente. Il 2016 ha segnato invece il ritorno di uno dei pi\u00f9 amati musical di tutti i tempi: Evita . L&#8217;Opera, interamente suonata e cantata, quindi con struttura prettamente operistica, verr\u00e0 rappresentata per la prima volta in Italia in lingua italiana. Nel 2017, Con \u201cMAMMA MIA!, la Peep Arrow Entertainment prosegue nel suo impegno di far diventare italiana l\u2019eccellenza di Broadway. Il musical MAMMA MIA! nel 2017 arriva a Roma e nelle maggiori piazze italiane regalando al pubblico emozioni gi\u00e0 vissute in gran parte del pianeta, con un cast tutto italiano che reciter\u00e0 e canter\u00e0 nella nostra lingua. L\u2019adattamento del testo in lingua italiana e la regia sono affidati al maggior esponente italiano di questo genere che \u00e8 Massimo Romeo Piparo. \u201cMAMMA MIA! \u00e8 molto pi\u00f9 di un musical, \u00e8 un vero e proprio fenomeno di intrattenimento globale che, grazie ad una storia forte ed emozionante \u00e8 capace di valicare ogni confine riscuotendo un successo senza pari in ogni Paese in cui \u00e8 stato prodotto.<br \/>\nIl grande successo ottenuto da Billy Elliot e da mamma Mia! Hanno spinto la Peep Arrow a proseguire le due tourne\u00e8 anche per il 2018 raggiungendo l\u2019obiettivo di una \u201clunga Tenitura\u201d tipica di Broadway e Londra, finora considerate le sole patrie del Musical.<br \/>\nNel 2018 prosegue anche il cammino europeo di Jesus Christ Superstar, la cui edizione Italiana firmata Massimo Romeo Piparo, ha ormai carattere internazionale. Lo spettacolo andr\u00e0 in scena nuovamente ad Amsterdam e per la prima volta in Bulgaria e Spagna e a grande richiesta di pubblico torner\u00e0 a calcare i palcoscenici Italiani.<br \/>\nIl 2019 si apre con l\u2019ormai acclamato \u201cMamma Mia\u201d per proseguire con l\u2019attuale blockbuster inglese che sta spopolando a Londra e New York e per la prima volta verr\u00e0 prodotto fuori dalle due principali capitali del Musical, \u201cSchool of rock\u201d con protagonista Lillo Petrolo (del duo Lillo&amp;Greg) e gli allievi dell\u2019Accademia Sistina.<br \/>\nSempre a sfondo sociale un altro grande titolo targato Peeparrow sar\u00e0 in scena nel 2019 e 2020: \u201cThe Full Monty\u201d. In chiave musicale e di commedia, un affresco impietoso della societ\u00e0 moderna in cui il lavoro sembra sempre pi\u00f9 una chimera che ha la forza di cambiare la vita di un essere umano. Protagonisti anche qui i due attori che hanno portato al successo Mamma Mia!, Luca Ward, Paolo Conticini, affiancati da Gianni Fantoni, Jonis Bascir e Nicolas Vaporidis.[\/vc_column_text][\/vc_column][\/vc_row]<\/p>\n<\/div>","protected":false},"excerpt":{"rendered":"<p>[vc_row][vc_column][vc_column_text css=&#8221;&#8221;] TESTO COORDINATO DEL DECRETO-LEGGE 8 agosto 2013, n. 91 Testo del decreto-legge 8 agosto 2013, n. 91 (in Gazzetta Ufficiale &#8211; serie generale &#8211; n. 186 del 9 agosto 2013), coordinato con la legge di conversione 7 ottobre 2013, n. 112 (in questa stessa Gazzetta Ufficiale alla pag. 1), recante: \u00abDisposizioni urgenti per&hellip;<\/p>\n","protected":false},"author":3,"featured_media":0,"parent":0,"menu_order":0,"comment_status":"closed","ping_status":"closed","template":"","meta":{"footnotes":""},"class_list":["post-1790","page","type-page","status-publish","hentry","description-off"],"_links":{"self":[{"href":"https:\/\/peeparrow.com\/en\/wp-json\/wp\/v2\/pages\/1790","targetHints":{"allow":["GET"]}}],"collection":[{"href":"https:\/\/peeparrow.com\/en\/wp-json\/wp\/v2\/pages"}],"about":[{"href":"https:\/\/peeparrow.com\/en\/wp-json\/wp\/v2\/types\/page"}],"author":[{"embeddable":true,"href":"https:\/\/peeparrow.com\/en\/wp-json\/wp\/v2\/users\/3"}],"replies":[{"embeddable":true,"href":"https:\/\/peeparrow.com\/en\/wp-json\/wp\/v2\/comments?post=1790"}],"version-history":[{"count":1,"href":"https:\/\/peeparrow.com\/en\/wp-json\/wp\/v2\/pages\/1790\/revisions"}],"predecessor-version":[{"id":1791,"href":"https:\/\/peeparrow.com\/en\/wp-json\/wp\/v2\/pages\/1790\/revisions\/1791"}],"wp:attachment":[{"href":"https:\/\/peeparrow.com\/en\/wp-json\/wp\/v2\/media?parent=1790"}],"curies":[{"name":"wp","href":"https:\/\/api.w.org\/{rel}","templated":true}]}}